{"id":22852,"date":"2025-09-04T11:27:14","date_gmt":"2025-09-04T16:27:14","guid":{"rendered":"https:\/\/palmer.com.mx\/tienda\/?post_type=product&#038;p=22852"},"modified":"2026-01-20T11:41:01","modified_gmt":"2026-01-20T16:41:01","slug":"crema-cartilago-de-tiburon","status":"publish","type":"product","link":"https:\/\/palmer.com.mx\/tienda\/producto\/crema-cartilago-de-tiburon\/","title":{"rendered":"Crema Cart\u00edlago de Tibur\u00f3n"},"content":{"rendered":"<p>Crema de Cart\u00edlago de Tibur\u00f3n<\/p>\n","protected":false},"excerpt":{"rendered":"<p>Crema de Cart\u00edlago de Tibur\u00f3n<\/p>\n","protected":false},"featured_media":22853,"comment_status":"open","ping_status":"closed","template":"","meta":{"spay_email":""},"product_cat":[443,435],"product_tag":[476,475],"_links":{"self":[{"href":"https:\/\/palmer.com.mx\/tienda\/wp-json\/wp\/v2\/product\/22852"}],"collection":[{"href":"https:\/\/palmer.com.mx\/tienda\/wp-json\/wp\/v2\/product"}],"about":[{"href":"https:\/\/palmer.com.mx\/tienda\/wp-json\/wp\/v2\/types\/product"}],"replies":[{"embeddable":true,"href":"https:\/\/palmer.com.mx\/tienda\/wp-json\/wp\/v2\/comments?post=22852"}],"version-history":[{"count":2,"href":"https:\/\/palmer.com.mx\/tienda\/wp-json\/wp\/v2\/product\/22852\/revisions"}],"predecessor-version":[{"id":22855,"href":"https:\/\/palmer.com.mx\/tienda\/wp-json\/wp\/v2\/product\/22852\/revisions\/22855"}],"wp:featuredmedia":[{"embeddable":true,"href":"https:\/\/palmer.com.mx\/tienda\/wp-json\/wp\/v2\/media\/22853"}],"wp:attachment":[{"href":"https:\/\/palmer.com.mx\/tienda\/wp-json\/wp\/v2\/media?parent=22852"}],"wp:term":[{"taxonomy":"product_cat","embeddable":true,"href":"https:\/\/palmer.com.mx\/tienda\/wp-json\/wp\/v2\/product_cat?post=22852"},{"taxonomy":"product_tag","embeddable":true,"href":"https:\/\/palmer.com.mx\/tienda\/wp-json\/wp\/v2\/product_tag?post=22852"}],"curies":[{"name":"wp","href":"https:\/\/api.w.org\/{rel}","templated":true}]}}