{"id":22494,"date":"2022-08-08T11:36:49","date_gmt":"2022-08-08T16:36:49","guid":{"rendered":"https:\/\/palmer.com.mx\/tienda\/?post_type=product&#038;p=22494"},"modified":"2026-01-20T11:44:15","modified_gmt":"2026-01-20T16:44:15","slug":"ft-factor-tranferencia","status":"publish","type":"product","link":"https:\/\/palmer.com.mx\/tienda\/producto\/ft-factor-tranferencia\/","title":{"rendered":"(FT) Factor Tranferencia"},"content":{"rendered":"<p>Extractos de c\u00e9lulas embrionarias liofilizadas, recomendadas para revitalizar, fortalecer y regenerar el sistema inmunol\u00f3gico el cual, est\u00e1 \u00edntimamente ligado con la funci\u00f3n del timo que es destruir r\u00e1pida y efectivamente todos los pat\u00f3genos que tratan de penetrar a nuestro organismo tales como bacterias, hongos, virus y cualquier toxina.<\/p>\n<p><strong>Forma de uso:<\/strong><br \/>\nVierta el contenido del frasco en 1\/2 vaso de jugo de su preferencia, agite y b\u00e9balo.<br \/>\n<strong>Contraindicaciones:<br \/>\n<\/strong>Ninguna<\/p>\n<p>Formulaci\u00f3n 100% Org\u00e1nica, no contiene azucares, grasas, colorantes, saborizantes\u00a0 ni aromatizantes<\/p>\n<p><strong>Suplemento Alimenticio<\/strong><br \/>\n<strong>*Este producto no es un medicamento<br \/>\n*Conserve en un lugar fresco y seco<br \/>\n**El consumo de este producto es responsabilidad de quien lo usa y de quien lo recomienda<\/strong><\/p>\n<p><img loading=\"lazy\" class=\"alignnone size-full wp-image-22660\" src=\"https:\/\/palmer.com.mx\/tienda\/wp-content\/uploads\/2022\/08\/ft_Pagina_01.jpg\" alt=\"\" width=\"1280\" height=\"720\" srcset=\"https:\/\/palmer.com.mx\/tienda\/wp-content\/uploads\/2022\/08\/ft_Pagina_01-200x113.jpg 200w, https:\/\/palmer.com.mx\/tienda\/wp-content\/uploads\/2022\/08\/ft_Pagina_01-400x225.jpg 400w, https:\/\/palmer.com.mx\/tienda\/wp-content\/uploads\/2022\/08\/ft_Pagina_01-500x281.jpg 500w, https:\/\/palmer.com.mx\/tienda\/wp-content\/uploads\/2022\/08\/ft_Pagina_01-600x338.jpg 600w, https:\/\/palmer.com.mx\/tienda\/wp-content\/uploads\/2022\/08\/ft_Pagina_01-700x394.jpg 700w, https:\/\/palmer.com.mx\/tienda\/wp-content\/uploads\/2022\/08\/ft_Pagina_01-768x432.jpg 768w, https:\/\/palmer.com.mx\/tienda\/wp-content\/uploads\/2022\/08\/ft_Pagina_01-800x450.jpg 800w, https:\/\/palmer.com.mx\/tienda\/wp-content\/uploads\/2022\/08\/ft_Pagina_01-1200x675.jpg 1200w, https:\/\/palmer.com.mx\/tienda\/wp-content\/uploads\/2022\/08\/ft_Pagina_01.jpg 1280w\" sizes=\"(max-width: 1280px) 100vw, 1280px\" \/><\/p>\n","protected":false},"excerpt":{"rendered":"<p>Extractos de c\u00e9lulas embrionarias liofilizadas, recomendadas para revitalizar, fortalecer y regenerar el sistema inmunol\u00f3gico el cual, est\u00e1 \u00edntimamente ligado con la funci\u00f3n del timo que es destruir r\u00e1pida y efectivamente todos los pat\u00f3genos que tratan de penetrar a nuestro organismo tales como bacterias, hongos, virus y cualquier toxina.<\/p>\n<p><strong>Forma de uso:<\/strong><br \/>\nVierta el contenido del frasco en 1\/2 vaso de jugo de su preferencia, agite y b\u00e9balo.<br \/>\n<strong>Contraindicaciones:<br \/>\n<\/strong>Ninguna<\/p>\n<p>Formulaci\u00f3n 100% Org\u00e1nica, no contiene azucares, grasas, colorantes, saborizantes\u00a0 ni aromatizantes<\/p>\n<p><strong>Suplemento Alimenticio<\/strong><br \/>\n<strong>*Este producto no es un medicamento<br \/>\n*Conserve en un lugar fresco y seco<br \/>\n**El consumo de este producto es responsabilidad de quien lo usa y de quien lo recomienda<\/strong><\/p>\n","protected":false},"featured_media":22495,"comment_status":"open","ping_status":"closed","template":"","meta":{"spay_email":""},"product_cat":[446,433],"product_tag":[],"_links":{"self":[{"href":"https:\/\/palmer.com.mx\/tienda\/wp-json\/wp\/v2\/product\/22494"}],"collection":[{"href":"https:\/\/palmer.com.mx\/tienda\/wp-json\/wp\/v2\/product"}],"about":[{"href":"https:\/\/palmer.com.mx\/tienda\/wp-json\/wp\/v2\/types\/product"}],"replies":[{"embeddable":true,"href":"https:\/\/palmer.com.mx\/tienda\/wp-json\/wp\/v2\/comments?post=22494"}],"version-history":[{"count":4,"href":"https:\/\/palmer.com.mx\/tienda\/wp-json\/wp\/v2\/product\/22494\/revisions"}],"predecessor-version":[{"id":22661,"href":"https:\/\/palmer.com.mx\/tienda\/wp-json\/wp\/v2\/product\/22494\/revisions\/22661"}],"wp:featuredmedia":[{"embeddable":true,"href":"https:\/\/palmer.com.mx\/tienda\/wp-json\/wp\/v2\/media\/22495"}],"wp:attachment":[{"href":"https:\/\/palmer.com.mx\/tienda\/wp-json\/wp\/v2\/media?parent=22494"}],"wp:term":[{"taxonomy":"product_cat","embeddable":true,"href":"https:\/\/palmer.com.mx\/tienda\/wp-json\/wp\/v2\/product_cat?post=22494"},{"taxonomy":"product_tag","embeddable":true,"href":"https:\/\/palmer.com.mx\/tienda\/wp-json\/wp\/v2\/product_tag?post=22494"}],"curies":[{"name":"wp","href":"https:\/\/api.w.org\/{rel}","templated":true}]}}