{"id":22274,"date":"2022-01-06T14:01:34","date_gmt":"2022-01-06T19:01:34","guid":{"rendered":"https:\/\/palmer.com.mx\/tienda\/?post_type=product&#038;p=22274"},"modified":"2026-02-26T09:45:20","modified_gmt":"2026-02-26T14:45:20","slug":"crema-semefec","status":"publish","type":"product","link":"https:\/\/palmer.com.mx\/tienda\/producto\/crema-semefec\/","title":{"rendered":"Crema SEMEFEC"},"content":{"rendered":"<p>Crema que nutre de col\u00e1geno la piel, embellece el rostro d\u00e1ndole m\u00e1s cuerpo, reafirma los tejidos de la piel, aclara la piel manchada, reestructura el col\u00e1geno perdido, humecta las c\u00e9lulas del rostro, tonifica y suaviza las l\u00edneas de expresi\u00f3n. El expansor celular que contiene el producto, penetra las 2 capas de la piel que son la epidermis y la dermis para revitalizarla desde adentro y as\u00ed ayudarla a recuperar el col\u00e1geno perdido.<\/p>\n<p>Ideal para despu\u00e9s de una cirug\u00eda est\u00e9tica o reconstructiva y evitar un deterioro prematuro de los tejidos. Especial para el cutis muy maltratado (reseco, ajado, deshidratado o fl\u00e1cido).<\/p>\n","protected":false},"excerpt":{"rendered":"<p>Crema que nutre de col\u00e1geno la piel, embellece el rostro d\u00e1ndole m\u00e1s cuerpo, reafirma los tejidos de la piel, aclara la piel manchada, reestructura el col\u00e1geno perdido, humecta las c\u00e9lulas del rostro, tonifica y suaviza las l\u00edneas de expresi\u00f3n. El expansor celular que contiene el producto, penetra las 2 capas de la piel que son la epidermis y la dermis para revitalizarla desde adentro y as\u00ed ayudarla a recuperar el col\u00e1geno perdido.<\/p>\n","protected":false},"featured_media":22487,"comment_status":"open","ping_status":"closed","template":"","meta":{"spay_email":""},"product_cat":[443,435],"product_tag":[476,472,477,471,475],"_links":{"self":[{"href":"https:\/\/palmer.com.mx\/tienda\/wp-json\/wp\/v2\/product\/22274"}],"collection":[{"href":"https:\/\/palmer.com.mx\/tienda\/wp-json\/wp\/v2\/product"}],"about":[{"href":"https:\/\/palmer.com.mx\/tienda\/wp-json\/wp\/v2\/types\/product"}],"replies":[{"embeddable":true,"href":"https:\/\/palmer.com.mx\/tienda\/wp-json\/wp\/v2\/comments?post=22274"}],"version-history":[{"count":3,"href":"https:\/\/palmer.com.mx\/tienda\/wp-json\/wp\/v2\/product\/22274\/revisions"}],"predecessor-version":[{"id":22603,"href":"https:\/\/palmer.com.mx\/tienda\/wp-json\/wp\/v2\/product\/22274\/revisions\/22603"}],"wp:featuredmedia":[{"embeddable":true,"href":"https:\/\/palmer.com.mx\/tienda\/wp-json\/wp\/v2\/media\/22487"}],"wp:attachment":[{"href":"https:\/\/palmer.com.mx\/tienda\/wp-json\/wp\/v2\/media?parent=22274"}],"wp:term":[{"taxonomy":"product_cat","embeddable":true,"href":"https:\/\/palmer.com.mx\/tienda\/wp-json\/wp\/v2\/product_cat?post=22274"},{"taxonomy":"product_tag","embeddable":true,"href":"https:\/\/palmer.com.mx\/tienda\/wp-json\/wp\/v2\/product_tag?post=22274"}],"curies":[{"name":"wp","href":"https:\/\/api.w.org\/{rel}","templated":true}]}}