{"id":22221,"date":"2021-05-05T11:39:58","date_gmt":"2021-05-05T16:39:58","guid":{"rendered":"https:\/\/palmer.com.mx\/tienda\/?post_type=product&#038;p=22221"},"modified":"2025-09-13T13:34:22","modified_gmt":"2025-09-13T18:34:22","slug":"locion-astringente","status":"publish","type":"product","link":"https:\/\/palmer.com.mx\/tienda\/producto\/locion-astringente\/","title":{"rendered":"Loci\u00f2n Astringente"},"content":{"rendered":"<p>Recomendada para cutis graso o mixto ya que contiene una f\u00f3rmula que modera el tama\u00f1o del poro justo que su cutis requiere, El uso continuo de la loci\u00f3n astringente Palmer\u00ae junto con la mascarilla de cotiled\u00f3n placentario Palmer\u00ae, evita la formaci\u00f3n de acn\u00e9 y las marcas que este deja en el cutis.<\/p>\n","protected":false},"excerpt":{"rendered":"<p>Recomendada para cutis graso o mixto ya que contiene una f\u00f3rmula que modera el tama\u00f1o del poro justo que su cutis requiere, El uso continuo de la loci\u00f3n astringente Palmer\u00ae junto con la mascarilla de cotiled\u00f3n placentario Palmer\u00ae, evita la formaci\u00f3n de acn\u00e9 y las marcas que este deja en el cutis.<\/p>\n","protected":false},"featured_media":22222,"comment_status":"open","ping_status":"closed","template":"","meta":{"spay_email":""},"product_cat":[443,442],"product_tag":[],"_links":{"self":[{"href":"https:\/\/palmer.com.mx\/tienda\/wp-json\/wp\/v2\/product\/22221"}],"collection":[{"href":"https:\/\/palmer.com.mx\/tienda\/wp-json\/wp\/v2\/product"}],"about":[{"href":"https:\/\/palmer.com.mx\/tienda\/wp-json\/wp\/v2\/types\/product"}],"replies":[{"embeddable":true,"href":"https:\/\/palmer.com.mx\/tienda\/wp-json\/wp\/v2\/comments?post=22221"}],"version-history":[{"count":4,"href":"https:\/\/palmer.com.mx\/tienda\/wp-json\/wp\/v2\/product\/22221\/revisions"}],"predecessor-version":[{"id":22596,"href":"https:\/\/palmer.com.mx\/tienda\/wp-json\/wp\/v2\/product\/22221\/revisions\/22596"}],"wp:featuredmedia":[{"embeddable":true,"href":"https:\/\/palmer.com.mx\/tienda\/wp-json\/wp\/v2\/media\/22222"}],"wp:attachment":[{"href":"https:\/\/palmer.com.mx\/tienda\/wp-json\/wp\/v2\/media?parent=22221"}],"wp:term":[{"taxonomy":"product_cat","embeddable":true,"href":"https:\/\/palmer.com.mx\/tienda\/wp-json\/wp\/v2\/product_cat?post=22221"},{"taxonomy":"product_tag","embeddable":true,"href":"https:\/\/palmer.com.mx\/tienda\/wp-json\/wp\/v2\/product_tag?post=22221"}],"curies":[{"name":"wp","href":"https:\/\/api.w.org\/{rel}","templated":true}]}}