{"id":22213,"date":"2021-05-03T16:23:18","date_gmt":"2021-05-03T21:23:18","guid":{"rendered":"https:\/\/palmer.com.mx\/tienda\/?post_type=product&#038;p=22213"},"modified":"2026-02-26T09:44:49","modified_gmt":"2026-02-26T14:44:49","slug":"locion-refrescante","status":"publish","type":"product","link":"https:\/\/palmer.com.mx\/tienda\/producto\/locion-refrescante\/","title":{"rendered":"Loci\u00f2n Refrescante"},"content":{"rendered":"<p>Recomendada para todo tipo de cutis ya que contiene una suave f\u00f3rmula que proporciona la humedad justa que su cutis requiere. Las sustancias naturales que contiene la loci\u00f3n refrescante Palmer\u00ae, favorecen que el rostro se mantenga suave, terso, humectado y en buen estado.<\/p>\n<p><img loading=\"lazy\" class=\"size-full wp-image-22641 aligncenter\" src=\"https:\/\/palmer.com.mx\/tienda\/wp-content\/uploads\/2021\/05\/flyer-locio-refrescante.png\" alt=\"\" width=\"2595\" height=\"1460\" srcset=\"https:\/\/palmer.com.mx\/tienda\/wp-content\/uploads\/2021\/05\/flyer-locio-refrescante-200x113.png 200w, https:\/\/palmer.com.mx\/tienda\/wp-content\/uploads\/2021\/05\/flyer-locio-refrescante-400x225.png 400w, https:\/\/palmer.com.mx\/tienda\/wp-content\/uploads\/2021\/05\/flyer-locio-refrescante-500x281.png 500w, https:\/\/palmer.com.mx\/tienda\/wp-content\/uploads\/2021\/05\/flyer-locio-refrescante-600x338.png 600w, https:\/\/palmer.com.mx\/tienda\/wp-content\/uploads\/2021\/05\/flyer-locio-refrescante-700x394.png 700w, https:\/\/palmer.com.mx\/tienda\/wp-content\/uploads\/2021\/05\/flyer-locio-refrescante-768x432.png 768w, https:\/\/palmer.com.mx\/tienda\/wp-content\/uploads\/2021\/05\/flyer-locio-refrescante-800x450.png 800w, https:\/\/palmer.com.mx\/tienda\/wp-content\/uploads\/2021\/05\/flyer-locio-refrescante-1200x675.png 1200w, https:\/\/palmer.com.mx\/tienda\/wp-content\/uploads\/2021\/05\/flyer-locio-refrescante-1320x743.png 1320w, https:\/\/palmer.com.mx\/tienda\/wp-content\/uploads\/2021\/05\/flyer-locio-refrescante-1536x864.png 1536w, https:\/\/palmer.com.mx\/tienda\/wp-content\/uploads\/2021\/05\/flyer-locio-refrescante.png 2595w\" sizes=\"(max-width: 2595px) 100vw, 2595px\" \/><\/p>\n","protected":false},"excerpt":{"rendered":"<p>Recomendada para todo tipo de cutis ya que contiene una suave f\u00f3rmula que proporciona la humedad justa que su cutis requiere. Las sustancias naturales que contiene la loci\u00f3n refrescante Palmer\u00ae, favorecen que el rostro se mantenga suave, terso, humectado y en buen estado.<\/p>\n","protected":false},"featured_media":22214,"comment_status":"open","ping_status":"closed","template":"","meta":{"spay_email":""},"product_cat":[443,442],"product_tag":[],"_links":{"self":[{"href":"https:\/\/palmer.com.mx\/tienda\/wp-json\/wp\/v2\/product\/22213"}],"collection":[{"href":"https:\/\/palmer.com.mx\/tienda\/wp-json\/wp\/v2\/product"}],"about":[{"href":"https:\/\/palmer.com.mx\/tienda\/wp-json\/wp\/v2\/types\/product"}],"replies":[{"embeddable":true,"href":"https:\/\/palmer.com.mx\/tienda\/wp-json\/wp\/v2\/comments?post=22213"}],"version-history":[{"count":5,"href":"https:\/\/palmer.com.mx\/tienda\/wp-json\/wp\/v2\/product\/22213\/revisions"}],"predecessor-version":[{"id":22642,"href":"https:\/\/palmer.com.mx\/tienda\/wp-json\/wp\/v2\/product\/22213\/revisions\/22642"}],"wp:featuredmedia":[{"embeddable":true,"href":"https:\/\/palmer.com.mx\/tienda\/wp-json\/wp\/v2\/media\/22214"}],"wp:attachment":[{"href":"https:\/\/palmer.com.mx\/tienda\/wp-json\/wp\/v2\/media?parent=22213"}],"wp:term":[{"taxonomy":"product_cat","embeddable":true,"href":"https:\/\/palmer.com.mx\/tienda\/wp-json\/wp\/v2\/product_cat?post=22213"},{"taxonomy":"product_tag","embeddable":true,"href":"https:\/\/palmer.com.mx\/tienda\/wp-json\/wp\/v2\/product_tag?post=22213"}],"curies":[{"name":"wp","href":"https:\/\/api.w.org\/{rel}","templated":true}]}}