{"id":21928,"date":"2021-02-09T14:22:40","date_gmt":"2021-02-09T19:22:40","guid":{"rendered":"https:\/\/palmer.com.mx\/tienda\/?post_type=product&#038;p=21928"},"modified":"2026-04-18T04:15:07","modified_gmt":"2026-04-18T09:15:07","slug":"t-timo","status":"publish","type":"product","link":"https:\/\/palmer.com.mx\/tienda\/producto\/t-timo\/","title":{"rendered":"(T) Timo"},"content":{"rendered":"<p style=\"background: white; margin: 0cm 0cm 15.0pt 0cm;\"><span style=\"font-size: 11.5pt; font-family: 'Arial',sans-serif; color: #747474;\">Suplemento Alimenticio a base de Extracto de c\u00e9lulas para Timo, ideal para estimular el sistema inmunol\u00f3gico, tartar padecimientos degenerativos, mejorar el desarrollo y crecimiento en los ni\u00f1os.\u00a0<\/span><\/p>\n<p style=\"background: white; box-sizing: border-box; font-variant-ligatures: normal; font-variant-caps: normal; orphans: 2; text-align: start; widows: 2; -webkit-text-stroke-width: 0px; text-decoration-thickness: initial; text-decoration-style: initial; text-decoration-color: initial; word-spacing: 0px; margin: 0cm 0cm 15.0pt 0cm;\"><span style=\"font-size: 11.5pt; font-family: 'Arial',sans-serif; color: #747474;\">Excelente coadyuvante en padecimientos y\/o mejorar:<br style=\"box-sizing: border-box;\" \/>Revitalizaci\u00f3n general, estimulante sistema inmune, alergias, tumores y lupus.<\/span><\/p>\n<p style=\"background: white; box-sizing: border-box; font-variant-ligatures: normal; font-variant-caps: normal; orphans: 2; text-align: start; widows: 2; -webkit-text-stroke-width: 0px; text-decoration-thickness: initial; text-decoration-style: initial; text-decoration-color: initial; word-spacing: 0px; margin: 0cm 0cm 15.0pt 0cm;\"><strong style=\"box-sizing: border-box;\"><span style=\"font-size: 11.5pt; font-family: 'Arial',sans-serif; color: #747474;\">Forma de uso:<\/span><\/strong><span style=\"font-size: 11.5pt; font-family: 'Arial',sans-serif; color: #747474;\"><br style=\"box-sizing: border-box;\" \/>Vierta el contenido del frasco en 1\/2 vaso de jugo de su preferencia, agite y b\u00e9balo.<br style=\"box-sizing: border-box;\" \/><strong style=\"box-sizing: border-box;\"><span style=\"font-family: 'Arial',sans-serif;\">Contraindicaciones:<\/span><\/strong><b style=\"box-sizing: border-box;\"><br style=\"box-sizing: border-box;\" \/><\/b>Ninguna<\/span><\/p>\n<p style=\"background: white; box-sizing: border-box; font-variant-ligatures: normal; font-variant-caps: normal; orphans: 2; text-align: start; widows: 2; -webkit-text-stroke-width: 0px; text-decoration-thickness: initial; text-decoration-style: initial; text-decoration-color: initial; word-spacing: 0px; margin: 0cm 0cm 15.0pt 0cm;\"><span style=\"font-size: 11.5pt; font-family: 'Arial',sans-serif; color: #747474;\">Formulaci\u00f3n 100% Org\u00e1nica, no contiene azucares, grasas, colorantes, saborizantes\u00a0 ni aromatizantes<\/span><\/p>\n<p style=\"background: white; box-sizing: border-box; font-variant-ligatures: normal; font-variant-caps: normal; orphans: 2; text-align: start; widows: 2; -webkit-text-stroke-width: 0px; text-decoration-thickness: initial; text-decoration-style: initial; text-decoration-color: initial; word-spacing: 0px; margin: 0cm 0cm 15.0pt 0cm;\"><strong style=\"box-sizing: border-box;\"><span style=\"font-size: 11.5pt; font-family: 'Arial',sans-serif; color: #747474;\">Suplemento Alimenticio<\/span><\/strong><span style=\"font-size: 11.5pt; font-family: 'Arial',sans-serif; color: #747474;\"><br style=\"box-sizing: border-box;\" \/><strong style=\"box-sizing: border-box;\"><span style=\"font-family: 'Arial',sans-serif;\">*Este producto no es un medicamento<\/span><\/strong><b style=\"box-sizing: border-box;\"><br style=\"box-sizing: border-box;\" \/><strong style=\"box-sizing: border-box;\"><span style=\"font-family: 'Arial',sans-serif;\">*Conserve en un lugar fresco y seco<\/span><\/strong><br style=\"box-sizing: border-box;\" \/><strong style=\"box-sizing: border-box;\"><span style=\"font-family: 'Arial',sans-serif;\">**El consumo de este producto es responsabilidad de quien lo usa y de quien lo recomienda<\/span><\/strong><\/b><\/span><\/p>\n","protected":false},"excerpt":{"rendered":"<p style=\"background: white; margin: 0cm 0cm 15.0pt 0cm;\"><span style=\"font-size: 11.5pt; font-family: 'Arial',sans-serif; color: #747474;\">Suplemento Alimenticio a base de Extracto de c\u00e9lulas para Timo, ideal para estimular el sistema inmunol\u00f3gico, tartar padecimientos degenerativos, mejorar el desarrollo y crecimiento en los ni\u00f1os.\u00a0<\/span><\/p>\n<p style=\"background: white; box-sizing: border-box; font-variant-ligatures: normal; font-variant-caps: normal; orphans: 2; text-align: start; widows: 2; -webkit-text-stroke-width: 0px; text-decoration-thickness: initial; text-decoration-style: initial; text-decoration-color: initial; word-spacing: 0px; margin: 0cm 0cm 15.0pt 0cm;\"><span style=\"font-size: 11.5pt; font-family: 'Arial',sans-serif; color: #747474;\">Excelente coadyuvante en padecimientos y\/o mejorar:<br style=\"box-sizing: border-box;\" \/>Revitalizaci\u00f3n general, estimulante sistema inmune, alergias, tumores y lupus.<\/span><\/p>\n<p style=\"background: white; box-sizing: border-box; font-variant-ligatures: normal; font-variant-caps: normal; orphans: 2; text-align: start; widows: 2; -webkit-text-stroke-width: 0px; text-decoration-thickness: initial; text-decoration-style: initial; text-decoration-color: initial; word-spacing: 0px; margin: 0cm 0cm 15.0pt 0cm;\"><strong style=\"box-sizing: border-box;\"><span style=\"font-size: 11.5pt; font-family: 'Arial',sans-serif; color: #747474;\">Forma de uso:<\/span><\/strong><span style=\"font-size: 11.5pt; font-family: 'Arial',sans-serif; color: #747474;\"><br style=\"box-sizing: border-box;\" \/>Vierta el contenido del frasco en 1\/2 vaso de jugo de su preferencia, agite y b\u00e9balo.<br style=\"box-sizing: border-box;\" \/><strong style=\"box-sizing: border-box;\"><span style=\"font-family: 'Arial',sans-serif;\">Contraindicaciones:<\/span><\/strong><b style=\"box-sizing: border-box;\"><br style=\"box-sizing: border-box;\" \/><\/b>Ninguna<\/span><\/p>\n<p style=\"background: white; box-sizing: border-box; font-variant-ligatures: normal; font-variant-caps: normal; orphans: 2; text-align: start; widows: 2; -webkit-text-stroke-width: 0px; text-decoration-thickness: initial; text-decoration-style: initial; text-decoration-color: initial; word-spacing: 0px; margin: 0cm 0cm 15.0pt 0cm;\"><span style=\"font-size: 11.5pt; font-family: 'Arial',sans-serif; color: #747474;\">Formulaci\u00f3n 100% Org\u00e1nica, no contiene azucares, grasas, colorantes, saborizantes\u00a0 ni aromatizantes<\/span><\/p>\n<p style=\"background: white; box-sizing: border-box; font-variant-ligatures: normal; font-variant-caps: normal; orphans: 2; text-align: start; widows: 2; -webkit-text-stroke-width: 0px; text-decoration-thickness: initial; text-decoration-style: initial; text-decoration-color: initial; word-spacing: 0px; margin: 0cm 0cm 15.0pt 0cm;\"><strong style=\"box-sizing: border-box;\"><span style=\"font-size: 11.5pt; font-family: 'Arial',sans-serif; color: #747474;\">Suplemento Alimenticio<\/span><\/strong><span style=\"font-size: 11.5pt; font-family: 'Arial',sans-serif; color: #747474;\"><br style=\"box-sizing: border-box;\" \/><strong style=\"box-sizing: border-box;\"><span style=\"font-family: 'Arial',sans-serif;\">*Este producto no es un medicamento<\/span><\/strong><b style=\"box-sizing: border-box;\"><br style=\"box-sizing: border-box;\" \/><strong style=\"box-sizing: border-box;\"><span style=\"font-family: 'Arial',sans-serif;\">*Conserve en un lugar fresco y seco<\/span><\/strong><br style=\"box-sizing: border-box;\" \/><strong style=\"box-sizing: border-box;\"><span style=\"font-family: 'Arial',sans-serif;\">**El consumo de este producto es responsabilidad de quien lo usa y de quien lo recomienda<\/span><\/strong><\/b><\/span><\/p>\n","protected":false},"featured_media":21937,"comment_status":"open","ping_status":"closed","template":"","meta":{"spay_email":""},"product_cat":[446,433],"product_tag":[],"_links":{"self":[{"href":"https:\/\/palmer.com.mx\/tienda\/wp-json\/wp\/v2\/product\/21928"}],"collection":[{"href":"https:\/\/palmer.com.mx\/tienda\/wp-json\/wp\/v2\/product"}],"about":[{"href":"https:\/\/palmer.com.mx\/tienda\/wp-json\/wp\/v2\/types\/product"}],"replies":[{"embeddable":true,"href":"https:\/\/palmer.com.mx\/tienda\/wp-json\/wp\/v2\/comments?post=21928"}],"version-history":[{"count":5,"href":"https:\/\/palmer.com.mx\/tienda\/wp-json\/wp\/v2\/product\/21928\/revisions"}],"predecessor-version":[{"id":22332,"href":"https:\/\/palmer.com.mx\/tienda\/wp-json\/wp\/v2\/product\/21928\/revisions\/22332"}],"wp:featuredmedia":[{"embeddable":true,"href":"https:\/\/palmer.com.mx\/tienda\/wp-json\/wp\/v2\/media\/21937"}],"wp:attachment":[{"href":"https:\/\/palmer.com.mx\/tienda\/wp-json\/wp\/v2\/media?parent=21928"}],"wp:term":[{"taxonomy":"product_cat","embeddable":true,"href":"https:\/\/palmer.com.mx\/tienda\/wp-json\/wp\/v2\/product_cat?post=21928"},{"taxonomy":"product_tag","embeddable":true,"href":"https:\/\/palmer.com.mx\/tienda\/wp-json\/wp\/v2\/product_tag?post=21928"}],"curies":[{"name":"wp","href":"https:\/\/api.w.org\/{rel}","templated":true}]}}