{"id":21864,"date":"2021-02-09T13:09:37","date_gmt":"2021-02-09T18:09:37","guid":{"rendered":"https:\/\/palmer.com.mx\/tienda\/?post_type=product&#038;p=21864"},"modified":"2026-01-20T11:57:56","modified_gmt":"2026-01-20T16:57:56","slug":"co-cerebro","status":"publish","type":"product","link":"https:\/\/palmer.com.mx\/tienda\/producto\/co-cerebro\/","title":{"rendered":"(CO) Cerebro"},"content":{"rendered":"<p>Suplemento Alimenticio a base de Extracto de c\u00e9lulas para Cerebro, ideal para estimular y fortalecer el sistema nervioso.<\/p>\n<p>Excelente coadyuvante en padecimientos y\/o mejorar:<br \/>\nMigra\u00f1as, estr\u00e9s, estados depresivos, demencia senil, aumento de concentraci\u00f3n, fatiga mental, velocidad del sistema psicomotor, alteraciones de car\u00e1cter, epilepsias y p\u00e1rkinson.<\/p>\n<p><strong>Forma de uso:<\/strong><br \/>\nVierta el contenido del frasco en 1\/2 vaso de jugo de su preferencia, agite y b\u00e9balo.<br \/>\n<strong>Contraindicaciones:<\/strong><b><br \/>\n<\/b>Ninguna<\/p>\n<p>Formulaci\u00f3n 100% Org\u00e1nica, no contiene azucares, grasas, colorantes, saborizantes\u00a0 ni aromatizantes<\/p>\n<p><strong>Suplemento Alimenticio<\/strong><br \/>\n<strong>*Este producto no es un medicamento<\/strong><b><br \/>\n<strong>*Conserve en un lugar fresco y seco<\/strong><br \/>\n<strong>**El consumo de este producto es responsabilidad de quien lo usa y de quien lo recomienda<\/strong><\/b><\/p>\n","protected":false},"excerpt":{"rendered":"<p>Suplemento Alimenticio a base de Extracto de c\u00e9lulas para Cerebro, ideal para estimular y fortalecer el sistema nervioso.<\/p>\n<p>Excelente coadyuvante en padecimientos y\/o mejorar:<br \/>\nMigra\u00f1as, estr\u00e9s, estados depresivos, demencia senil, aumento de concentraci\u00f3n, fatiga mental, velocidad del sistema psicomotor, alteraciones de car\u00e1cter, epilepsias y p\u00e1rkinson.<\/p>\n<p><strong>Forma de uso:<\/strong><br \/>\nVierta el contenido del frasco en 1\/2 vaso de jugo de su preferencia, agite y b\u00e9balo.<br \/>\n<strong>Contraindicaciones:<\/strong><b><br \/>\n<\/b>Ninguna<\/p>\n<p>Formulaci\u00f3n 100% Org\u00e1nica, no contiene azucares, grasas, colorantes, saborizantes\u00a0 ni aromatizantes<\/p>\n<p><strong>Suplemento Alimenticio<\/strong><br \/>\n<strong>*Este producto no es un medicamento<\/strong><b><br \/>\n<strong>*Conserve en un lugar fresco y seco<\/strong><br \/>\n<strong>**El consumo de este producto es responsabilidad de quien lo usa y de quien lo recomienda<\/strong><\/b><\/p>\n","protected":false},"featured_media":21965,"comment_status":"open","ping_status":"closed","template":"","meta":{"spay_email":""},"product_cat":[446,433],"product_tag":[],"_links":{"self":[{"href":"https:\/\/palmer.com.mx\/tienda\/wp-json\/wp\/v2\/product\/21864"}],"collection":[{"href":"https:\/\/palmer.com.mx\/tienda\/wp-json\/wp\/v2\/product"}],"about":[{"href":"https:\/\/palmer.com.mx\/tienda\/wp-json\/wp\/v2\/types\/product"}],"replies":[{"embeddable":true,"href":"https:\/\/palmer.com.mx\/tienda\/wp-json\/wp\/v2\/comments?post=21864"}],"version-history":[{"count":3,"href":"https:\/\/palmer.com.mx\/tienda\/wp-json\/wp\/v2\/product\/21864\/revisions"}],"predecessor-version":[{"id":22301,"href":"https:\/\/palmer.com.mx\/tienda\/wp-json\/wp\/v2\/product\/21864\/revisions\/22301"}],"wp:featuredmedia":[{"embeddable":true,"href":"https:\/\/palmer.com.mx\/tienda\/wp-json\/wp\/v2\/media\/21965"}],"wp:attachment":[{"href":"https:\/\/palmer.com.mx\/tienda\/wp-json\/wp\/v2\/media?parent=21864"}],"wp:term":[{"taxonomy":"product_cat","embeddable":true,"href":"https:\/\/palmer.com.mx\/tienda\/wp-json\/wp\/v2\/product_cat?post=21864"},{"taxonomy":"product_tag","embeddable":true,"href":"https:\/\/palmer.com.mx\/tienda\/wp-json\/wp\/v2\/product_tag?post=21864"}],"curies":[{"name":"wp","href":"https:\/\/api.w.org\/{rel}","templated":true}]}}